{"id":3,"date":"2023-07-13T14:43:34","date_gmt":"2023-07-13T12:43:34","guid":{"rendered":"http:\/\/sabatier-avocat.fr\/?page_id=3"},"modified":"2025-08-29T15:25:36","modified_gmt":"2025-08-29T13:25:36","slug":"mentions-legales","status":"publish","type":"page","link":"https:\/\/sabatier-avocat.fr\/index.php\/mentions-legales\/","title":{"rendered":"&#8211; Mentions l\u00e9gales &#8211;"},"content":{"rendered":"\n<h2 class=\"wp-block-heading\">Publication<\/h2>\n\n\n\n<p>L\u2019adresse du site est&nbsp;: http:\/\/sabatier-avocat.fr.<\/p>\n\n\n\n<p>Ma\u00eetre Lucas SABATIER, Avocat au Barreau de LYON, exer\u00e7ant \u00e0 titre individuel, <br>Demeurant 32 rue du Commandant FUZIER \u2013 69003 LYON<br>Enregistr\u00e9 aupr\u00e8s de l&rsquo;INSEE sous le num\u00e9ro de SIREN 844 346 320<br>Assujetti \u00e0 la TVA sous le num\u00e9ro FR 81 844346320<\/p>\n\n\n\n<p><strong>E-mail <\/strong>: <strong><a href=\"mailto:sabatier-lucas@avocat-conseil.fr\">lucas.sabatier@avocat.fr<\/a><\/strong><\/p>\n\n\n\n<p><strong>Directeur de la publication<\/strong> : Ma\u00eetre Lucas SABATIER, Avocat au Barreau de LYON<\/p>\n\n\n\n<h2 class=\"wp-block-heading\">H\u00e9bergement<\/h2>\n\n\n\n<p>OVH, 2 rue Kellermann, 59100 Roubaix &#8211; (SAS au capital de 10 069 020 \u20ac &#8211; RCS Lille M\u00e9tropole 424 761 419 00045)<\/p>\n\n\n\n<h2 class=\"wp-block-heading\">R\u00e9alisation graphique et technique du site<\/h2>\n\n\n\n<p><strong>Graphisme et r\u00e9alisation technique<\/strong> : Eva Garnier<br><strong>Th\u00e8me WordPress utilis\u00e9<\/strong> : Neve<\/p>\n\n\n\n<h2 class=\"wp-block-heading\">Propri\u00e9t\u00e9 du site internet<\/h2>\n\n\n\n<p>Le pr\u00e9sent site <span style=\"text-decoration: underline;\">sabatier-avocat.fr<\/span> est la propri\u00e9t\u00e9 exclusive de Ma\u00eetre Lucas SABATIER, en ce compris les droits d&rsquo;auteur et tout autre \u00e9l\u00e9ment de propri\u00e9t\u00e9 intellectuelle relatifs audit site.<\/p>\n\n\n\n<h2 class=\"wp-block-heading\">Donn\u00e9es personnelles<\/h2>\n\n\n\n<p>Le cabinet Sabatier Avocat peut \u00eatre amen\u00e9 \u00e0 collecter, utiliser, archiver ou effectuer un traitement de donn\u00e9es personnelles relatives au client ou prospect. A ce titre, l&rsquo;utilisateur qui prend contact avec Ma\u00eetre Lucas SABATIER par l&rsquo;interm\u00e9diaire du pr\u00e9sent site, consent \u00e0 l&rsquo;utilisation et la collecte de ses donn\u00e9es personnelles pour une dur\u00e9e limit\u00e9e. <\/p>\n\n\n\n<p>Le responsable du traitement est Ma\u00eetre Lucas SABATIER et les finalit\u00e9s sont les suivantes : gestion de la demande de contact et la prise de rendez-vous, gestion des prospects, communication. Ce traitement est r\u00e9alis\u00e9 conform\u00e9ment \u00e0 la loi et \u00e0 la r\u00e9glementation applicables, et \u00e0 la Politique de Confidentialit\u00e9 du Cabinet. Toute personne physique concern\u00e9e par un traitement peut exercer son droit d&rsquo;opposition, de rectification et de suppression \u00e0 l&rsquo;adresse suivante : <strong><a href=\"mailto:sabatier-lucas@avocat-conseil.fr\">lucas.sabatier@avocat.fr<\/a><\/strong><\/p>\n","protected":false},"excerpt":{"rendered":"<p>Publication L\u2019adresse du site est&nbsp;: http:\/\/sabatier-avocat.fr. Ma\u00eetre Lucas SABATIER, Avocat au Barreau de LYON, exer\u00e7ant \u00e0 titre individuel, Demeurant 32 rue du Commandant FUZIER \u2013 69003 LYONEnregistr\u00e9 aupr\u00e8s de l&rsquo;INSEE sous le num\u00e9ro de SIREN 844 346 320Assujetti \u00e0 la TVA sous le num\u00e9ro FR 81 844346320 E-mail : lucas.sabatier@avocat.fr Directeur de la publication :&hellip;&nbsp;<a href=\"https:\/\/sabatier-avocat.fr\/index.php\/mentions-legales\/\" class=\"\" rel=\"bookmark\">Lire la suite &raquo;<span class=\"screen-reader-text\">&#8211; Mentions l\u00e9gales &#8211;<\/span><\/a><\/p>\n","protected":false},"author":1,"featured_media":38,"parent":0,"menu_order":0,"comment_status":"closed","ping_status":"open","template":"","meta":{"neve_meta_sidebar":"","neve_meta_container":"","neve_meta_enable_content_width":"","neve_meta_content_width":0,"neve_meta_title_alignment":"","neve_meta_author_avatar":"","neve_post_elements_order":"","neve_meta_disable_header":"","neve_meta_disable_footer":"","neve_meta_disable_title":"","footnotes":""},"class_list":["post-3","page","type-page","status-publish","has-post-thumbnail","hentry"],"yoast_head":"<!-- This site is optimized with the Yoast SEO plugin v27.3 - https:\/\/yoast.com\/product\/yoast-seo-wordpress\/ -->\n<title>- Mentions l\u00e9gales - Ma\u00eetre Lucas SABATIER<\/title>\n<meta name=\"description\" content=\"Mentions l\u00e9gales du site sabatier-avocat.fr\" \/>\n<meta name=\"robots\" content=\"index, follow, max-snippet:-1, max-image-preview:large, max-video-preview:-1\" \/>\n<link rel=\"canonical\" href=\"https:\/\/sabatier-avocat.fr\/index.php\/mentions-legales\/\" \/>\n<meta property=\"og:locale\" content=\"fr_FR\" \/>\n<meta property=\"og:type\" content=\"article\" \/>\n<meta property=\"og:title\" content=\"- Mentions l\u00e9gales - Ma\u00eetre Lucas SABATIER\" \/>\n<meta property=\"og:description\" content=\"Mentions l\u00e9gales du site sabatier-avocat.fr\" \/>\n<meta property=\"og:url\" content=\"https:\/\/sabatier-avocat.fr\/index.php\/mentions-legales\/\" \/>\n<meta property=\"og:site_name\" content=\"Ma\u00eetre Lucas SABATIER\" \/>\n<meta property=\"article:modified_time\" content=\"2025-08-29T13:25:36+00:00\" \/>\n<meta property=\"og:image\" content=\"https:\/\/sabatier-avocat.fr\/wp-content\/uploads\/2023\/08\/Fond.jpg\" \/>\n\t<meta property=\"og:image:width\" content=\"2560\" \/>\n\t<meta property=\"og:image:height\" content=\"1440\" \/>\n\t<meta property=\"og:image:type\" content=\"image\/jpeg\" \/>\n<meta name=\"twitter:card\" content=\"summary_large_image\" \/>\n<meta name=\"twitter:label1\" content=\"Dur\u00e9e de lecture estim\u00e9e\" \/>\n\t<meta name=\"twitter:data1\" content=\"2 minutes\" \/>\n<script type=\"application\/ld+json\" class=\"yoast-schema-graph\">{\"@context\":\"https:\\\/\\\/schema.org\",\"@graph\":[{\"@type\":\"WebPage\",\"@id\":\"https:\\\/\\\/sabatier-avocat.fr\\\/index.php\\\/mentions-legales\\\/\",\"url\":\"https:\\\/\\\/sabatier-avocat.fr\\\/index.php\\\/mentions-legales\\\/\",\"name\":\"- Mentions l\u00e9gales - Ma\u00eetre Lucas SABATIER\",\"isPartOf\":{\"@id\":\"https:\\\/\\\/sabatier-avocat.fr\\\/#website\"},\"primaryImageOfPage\":{\"@id\":\"https:\\\/\\\/sabatier-avocat.fr\\\/index.php\\\/mentions-legales\\\/#primaryimage\"},\"image\":{\"@id\":\"https:\\\/\\\/sabatier-avocat.fr\\\/index.php\\\/mentions-legales\\\/#primaryimage\"},\"thumbnailUrl\":\"https:\\\/\\\/sabatier-avocat.fr\\\/wp-content\\\/uploads\\\/2023\\\/08\\\/Fond.jpg\",\"datePublished\":\"2023-07-13T12:43:34+00:00\",\"dateModified\":\"2025-08-29T13:25:36+00:00\",\"description\":\"Mentions l\u00e9gales du site sabatier-avocat.fr\",\"breadcrumb\":{\"@id\":\"https:\\\/\\\/sabatier-avocat.fr\\\/index.php\\\/mentions-legales\\\/#breadcrumb\"},\"inLanguage\":\"fr-FR\",\"potentialAction\":[{\"@type\":\"ReadAction\",\"target\":[\"https:\\\/\\\/sabatier-avocat.fr\\\/index.php\\\/mentions-legales\\\/\"]}]},{\"@type\":\"ImageObject\",\"inLanguage\":\"fr-FR\",\"@id\":\"https:\\\/\\\/sabatier-avocat.fr\\\/index.php\\\/mentions-legales\\\/#primaryimage\",\"url\":\"https:\\\/\\\/sabatier-avocat.fr\\\/wp-content\\\/uploads\\\/2023\\\/08\\\/Fond.jpg\",\"contentUrl\":\"https:\\\/\\\/sabatier-avocat.fr\\\/wp-content\\\/uploads\\\/2023\\\/08\\\/Fond.jpg\",\"width\":2560,\"height\":1440},{\"@type\":\"BreadcrumbList\",\"@id\":\"https:\\\/\\\/sabatier-avocat.fr\\\/index.php\\\/mentions-legales\\\/#breadcrumb\",\"itemListElement\":[{\"@type\":\"ListItem\",\"position\":1,\"name\":\"Accueil\",\"item\":\"https:\\\/\\\/sabatier-avocat.fr\\\/\"},{\"@type\":\"ListItem\",\"position\":2,\"name\":\"&#8211; Mentions l\u00e9gales &#8211;\"}]},{\"@type\":\"WebSite\",\"@id\":\"https:\\\/\\\/sabatier-avocat.fr\\\/#website\",\"url\":\"https:\\\/\\\/sabatier-avocat.fr\\\/\",\"name\":\"Ma\u00eetre Lucas SABATIER\",\"description\":\"Avocat en contentieux commercial &amp; social\",\"publisher\":{\"@id\":\"https:\\\/\\\/sabatier-avocat.fr\\\/#organization\"},\"potentialAction\":[{\"@type\":\"SearchAction\",\"target\":{\"@type\":\"EntryPoint\",\"urlTemplate\":\"https:\\\/\\\/sabatier-avocat.fr\\\/?s={search_term_string}\"},\"query-input\":{\"@type\":\"PropertyValueSpecification\",\"valueRequired\":true,\"valueName\":\"search_term_string\"}}],\"inLanguage\":\"fr-FR\"},{\"@type\":\"Organization\",\"@id\":\"https:\\\/\\\/sabatier-avocat.fr\\\/#organization\",\"name\":\"Ma\u00eetre Lucas SABATIER\",\"url\":\"https:\\\/\\\/sabatier-avocat.fr\\\/\",\"logo\":{\"@type\":\"ImageObject\",\"inLanguage\":\"fr-FR\",\"@id\":\"https:\\\/\\\/sabatier-avocat.fr\\\/#\\\/schema\\\/logo\\\/image\\\/\",\"url\":\"\",\"contentUrl\":\"\",\"caption\":\"Ma\u00eetre Lucas SABATIER\"},\"image\":{\"@id\":\"https:\\\/\\\/sabatier-avocat.fr\\\/#\\\/schema\\\/logo\\\/image\\\/\"}}]}<\/script>\n<!-- \/ Yoast SEO plugin. -->","yoast_head_json":{"title":"- Mentions l\u00e9gales - Ma\u00eetre Lucas SABATIER","description":"Mentions l\u00e9gales du site sabatier-avocat.fr","robots":{"index":"index","follow":"follow","max-snippet":"max-snippet:-1","max-image-preview":"max-image-preview:large","max-video-preview":"max-video-preview:-1"},"canonical":"https:\/\/sabatier-avocat.fr\/index.php\/mentions-legales\/","og_locale":"fr_FR","og_type":"article","og_title":"- Mentions l\u00e9gales - Ma\u00eetre Lucas SABATIER","og_description":"Mentions l\u00e9gales du site sabatier-avocat.fr","og_url":"https:\/\/sabatier-avocat.fr\/index.php\/mentions-legales\/","og_site_name":"Ma\u00eetre Lucas SABATIER","article_modified_time":"2025-08-29T13:25:36+00:00","og_image":[{"width":2560,"height":1440,"url":"https:\/\/sabatier-avocat.fr\/wp-content\/uploads\/2023\/08\/Fond.jpg","type":"image\/jpeg"}],"twitter_card":"summary_large_image","twitter_misc":{"Dur\u00e9e de lecture estim\u00e9e":"2 minutes"},"schema":{"@context":"https:\/\/schema.org","@graph":[{"@type":"WebPage","@id":"https:\/\/sabatier-avocat.fr\/index.php\/mentions-legales\/","url":"https:\/\/sabatier-avocat.fr\/index.php\/mentions-legales\/","name":"- Mentions l\u00e9gales - Ma\u00eetre Lucas SABATIER","isPartOf":{"@id":"https:\/\/sabatier-avocat.fr\/#website"},"primaryImageOfPage":{"@id":"https:\/\/sabatier-avocat.fr\/index.php\/mentions-legales\/#primaryimage"},"image":{"@id":"https:\/\/sabatier-avocat.fr\/index.php\/mentions-legales\/#primaryimage"},"thumbnailUrl":"https:\/\/sabatier-avocat.fr\/wp-content\/uploads\/2023\/08\/Fond.jpg","datePublished":"2023-07-13T12:43:34+00:00","dateModified":"2025-08-29T13:25:36+00:00","description":"Mentions l\u00e9gales du site sabatier-avocat.fr","breadcrumb":{"@id":"https:\/\/sabatier-avocat.fr\/index.php\/mentions-legales\/#breadcrumb"},"inLanguage":"fr-FR","potentialAction":[{"@type":"ReadAction","target":["https:\/\/sabatier-avocat.fr\/index.php\/mentions-legales\/"]}]},{"@type":"ImageObject","inLanguage":"fr-FR","@id":"https:\/\/sabatier-avocat.fr\/index.php\/mentions-legales\/#primaryimage","url":"https:\/\/sabatier-avocat.fr\/wp-content\/uploads\/2023\/08\/Fond.jpg","contentUrl":"https:\/\/sabatier-avocat.fr\/wp-content\/uploads\/2023\/08\/Fond.jpg","width":2560,"height":1440},{"@type":"BreadcrumbList","@id":"https:\/\/sabatier-avocat.fr\/index.php\/mentions-legales\/#breadcrumb","itemListElement":[{"@type":"ListItem","position":1,"name":"Accueil","item":"https:\/\/sabatier-avocat.fr\/"},{"@type":"ListItem","position":2,"name":"&#8211; Mentions l\u00e9gales &#8211;"}]},{"@type":"WebSite","@id":"https:\/\/sabatier-avocat.fr\/#website","url":"https:\/\/sabatier-avocat.fr\/","name":"Ma\u00eetre Lucas SABATIER","description":"Avocat en contentieux commercial &amp; social","publisher":{"@id":"https:\/\/sabatier-avocat.fr\/#organization"},"potentialAction":[{"@type":"SearchAction","target":{"@type":"EntryPoint","urlTemplate":"https:\/\/sabatier-avocat.fr\/?s={search_term_string}"},"query-input":{"@type":"PropertyValueSpecification","valueRequired":true,"valueName":"search_term_string"}}],"inLanguage":"fr-FR"},{"@type":"Organization","@id":"https:\/\/sabatier-avocat.fr\/#organization","name":"Ma\u00eetre Lucas SABATIER","url":"https:\/\/sabatier-avocat.fr\/","logo":{"@type":"ImageObject","inLanguage":"fr-FR","@id":"https:\/\/sabatier-avocat.fr\/#\/schema\/logo\/image\/","url":"","contentUrl":"","caption":"Ma\u00eetre Lucas SABATIER"},"image":{"@id":"https:\/\/sabatier-avocat.fr\/#\/schema\/logo\/image\/"}}]}},"_links":{"self":[{"href":"https:\/\/sabatier-avocat.fr\/index.php\/wp-json\/wp\/v2\/pages\/3","targetHints":{"allow":["GET"]}}],"collection":[{"href":"https:\/\/sabatier-avocat.fr\/index.php\/wp-json\/wp\/v2\/pages"}],"about":[{"href":"https:\/\/sabatier-avocat.fr\/index.php\/wp-json\/wp\/v2\/types\/page"}],"author":[{"embeddable":true,"href":"https:\/\/sabatier-avocat.fr\/index.php\/wp-json\/wp\/v2\/users\/1"}],"replies":[{"embeddable":true,"href":"https:\/\/sabatier-avocat.fr\/index.php\/wp-json\/wp\/v2\/comments?post=3"}],"version-history":[{"count":5,"href":"https:\/\/sabatier-avocat.fr\/index.php\/wp-json\/wp\/v2\/pages\/3\/revisions"}],"predecessor-version":[{"id":306,"href":"https:\/\/sabatier-avocat.fr\/index.php\/wp-json\/wp\/v2\/pages\/3\/revisions\/306"}],"wp:featuredmedia":[{"embeddable":true,"href":"https:\/\/sabatier-avocat.fr\/index.php\/wp-json\/wp\/v2\/media\/38"}],"wp:attachment":[{"href":"https:\/\/sabatier-avocat.fr\/index.php\/wp-json\/wp\/v2\/media?parent=3"}],"curies":[{"name":"wp","href":"https:\/\/api.w.org\/{rel}","templated":true}]}}